{"id":100,"date":"2024-02-06T15:28:02","date_gmt":"2024-02-06T14:28:02","guid":{"rendered":"https:\/\/devprojects2022.lifemoz.com\/Revetium\/?page_id=100"},"modified":"2024-09-03T12:07:55","modified_gmt":"2024-09-03T10:07:55","slug":"collections-sahara","status":"publish","type":"page","link":"https:\/\/devprojects2022.lifemoz.com\/Revetium\/nos-collections\/collections-sahara\/","title":{"rendered":"Collections SAHARA"},"content":{"rendered":"<div class=\"wpb-content-wrapper\"><p>[vc_row el_class=\u00a0\u00bbslider-collections-desktop\u00a0\u00bb][vc_column][vc_column_text]<div id=\"demo\"><\/div>\n[\/vc_column_text][\/vc_column][\/vc_row][vc_row el_class=\u00a0\u00bbslider-collections-mobile\u00a0\u00bb][vc_column]\n\t\t\t<!-- START Slider collections REVOLUTION SLIDER 6.6.20 --><p class=\"rs-p-wp-fix\"><\/p>\n\t\t\t<rs-module-wrap id=\"rev_slider_2_1_wrapper\" data-source=\"gallery\" style=\"visibility:hidden;background:transparent;padding:0;margin:0px auto;margin-top:0;margin-bottom:0;\">\n\t\t\t\t<rs-module id=\"rev_slider_2_1\" style=\"\" data-version=\"6.6.20\">\n\t\t\t\t\t<rs-slides style=\"overflow: hidden; position: absolute;\">\n\t\t\t\t\t\t<rs-slide style=\"position: absolute;\" data-key=\"rs-5\" data-title=\"Slide\" data-in=\"o:0;\" data-out=\"a:false;\">\n\t\t\t\t\t\t\t<img decoding=\"async\" src=\"\/\/devprojects2022.lifemoz.com\/Revetium\/wp-content\/plugins\/revslider\/public\/assets\/assets\/dummy.png\" alt=\"Slide\" title=\"Collections SAHARA\" class=\"rev-slidebg tp-rs-img rs-lazyload\" data-lazyload=\"\/\/devprojects2022.lifemoz.com\/Revetium\/wp-content\/plugins\/revslider\/public\/assets\/assets\/transparent.png\" data-no-retina>\n<!--\n\t\t\t\t\t\t\t--><a\n\t\t\t\t\t\t\t\tid=\"slider-2-slide-5-layer-0\" \n\t\t\t\t\t\t\t\tclass=\"rs-layer\"\n\t\t\t\t\t\t\t\thref=\"https:\/\/devprojects2022.lifemoz.com\/Revetium\/nos-collections\/collection-ar-rafraf\/\" target=\"_self\"\n\t\t\t\t\t\t\t\tdata-type=\"image\"\n\t\t\t\t\t\t\t\tdata-rsp_ch=\"on\"\n\t\t\t\t\t\t\t\tdata-xy=\"x:136px;y:-2px;\"\n\t\t\t\t\t\t\t\tdata-text=\"w:normal;\"\n\t\t\t\t\t\t\t\tdata-dim=\"w:68px;h:407px;\"\n\t\t\t\t\t\t\t\tdata-frame_999=\"o:0;st:w;\"\n\t\t\t\t\t\t\t\tstyle=\"z-index:15;\"\n\t\t\t\t\t\t\t><img decoding=\"async\" src=\"\/\/devprojects2022.lifemoz.com\/Revetium\/wp-content\/plugins\/revslider\/public\/assets\/assets\/dummy.png\" alt=\"\" class=\"tp-rs-img rs-lazyload\" width=\"117\" height=\"700\" data-lazyload=\"\/\/devprojects2022.lifemoz.com\/Revetium\/wp-content\/uploads\/2024\/07\/collection_AR-RAFRAF.png\" data-no-retina> \n\t\t\t\t\t\t\t<\/a><!--\n\n\t\t\t\t\t\t\t--><a\n\t\t\t\t\t\t\t\tid=\"slider-2-slide-5-layer-1\" \n\t\t\t\t\t\t\t\tclass=\"rs-layer\"\n\t\t\t\t\t\t\t\thref=\"https:\/\/devprojects2022.lifemoz.com\/Revetium\/nos-collections\/collections-sahara\/\" target=\"_self\"\n\t\t\t\t\t\t\t\tdata-type=\"image\"\n\t\t\t\t\t\t\t\tdata-rsp_ch=\"on\"\n\t\t\t\t\t\t\t\tdata-xy=\"y:-2px;\"\n\t\t\t\t\t\t\t\tdata-text=\"w:normal;\"\n\t\t\t\t\t\t\t\tdata-dim=\"w:68px;h:407px;\"\n\t\t\t\t\t\t\t\tdata-frame_999=\"o:0;st:w;\"\n\t\t\t\t\t\t\t\tstyle=\"z-index:7;\"\n\t\t\t\t\t\t\t><img decoding=\"async\" src=\"\/\/devprojects2022.lifemoz.com\/Revetium\/wp-content\/plugins\/revslider\/public\/assets\/assets\/dummy.png\" alt=\"\" class=\"tp-rs-img rs-lazyload\" width=\"117\" height=\"700\" data-lazyload=\"\/\/devprojects2022.lifemoz.com\/Revetium\/wp-content\/uploads\/2024\/07\/collection_SAHARA.png\" data-no-retina> \n\t\t\t\t\t\t\t<\/a><!--\n\n\t\t\t\t\t\t\t--><a\n\t\t\t\t\t\t\t\tid=\"slider-2-slide-5-layer-2\" \n\t\t\t\t\t\t\t\tclass=\"rs-layer\"\n\t\t\t\t\t\t\t\thref=\"https:\/\/devprojects2022.lifemoz.com\/Revetium\/nos-collections\/collection-aragonite\/\" target=\"_self\"\n\t\t\t\t\t\t\t\tdata-type=\"image\"\n\t\t\t\t\t\t\t\tdata-rsp_ch=\"on\"\n\t\t\t\t\t\t\t\tdata-xy=\"x:68px;y:-2px;\"\n\t\t\t\t\t\t\t\tdata-text=\"w:normal;\"\n\t\t\t\t\t\t\t\tdata-dim=\"w:68px;h:407px;\"\n\t\t\t\t\t\t\t\tdata-frame_999=\"o:0;st:w;\"\n\t\t\t\t\t\t\t\tstyle=\"z-index:6;\"\n\t\t\t\t\t\t\t><img decoding=\"async\" src=\"\/\/devprojects2022.lifemoz.com\/Revetium\/wp-content\/plugins\/revslider\/public\/assets\/assets\/dummy.png\" alt=\"\" class=\"tp-rs-img rs-lazyload\" width=\"117\" height=\"700\" data-lazyload=\"\/\/devprojects2022.lifemoz.com\/Revetium\/wp-content\/uploads\/2024\/07\/collection_ARGONITEpng.png\" data-no-retina> \n\t\t\t\t\t\t\t<\/a><!--\n\n\t\t\t\t\t\t\t--><a\n\t\t\t\t\t\t\t\tid=\"slider-2-slide-5-layer-3\" \n\t\t\t\t\t\t\t\tclass=\"rs-layer\"\n\t\t\t\t\t\t\t\thref=\"https:\/\/devprojects2022.lifemoz.com\/Revetium\/nos-collections\/collection-emberiza\/\" target=\"_self\"\n\t\t\t\t\t\t\t\tdata-type=\"image\"\n\t\t\t\t\t\t\t\tdata-rsp_ch=\"on\"\n\t\t\t\t\t\t\t\tdata-xy=\"x:204px;y:-2px;\"\n\t\t\t\t\t\t\t\tdata-text=\"w:normal;\"\n\t\t\t\t\t\t\t\tdata-dim=\"w:68px;h:407px;\"\n\t\t\t\t\t\t\t\tdata-frame_999=\"o:0;st:w;\"\n\t\t\t\t\t\t\t\tstyle=\"z-index:14;\"\n\t\t\t\t\t\t\t><img decoding=\"async\" src=\"\/\/devprojects2022.lifemoz.com\/Revetium\/wp-content\/plugins\/revslider\/public\/assets\/assets\/dummy.png\" alt=\"\" class=\"tp-rs-img rs-lazyload\" width=\"117\" height=\"700\" data-lazyload=\"\/\/devprojects2022.lifemoz.com\/Revetium\/wp-content\/uploads\/2024\/07\/collection_EMBREZIA.png\" data-no-retina> \n\t\t\t\t\t\t\t<\/a><!--\n\n\t\t\t\t\t\t\t--><rs-layer\n\t\t\t\t\t\t\t\tid=\"slider-2-slide-5-layer-4\" \n\t\t\t\t\t\t\t\tdata-type=\"image\"\n\t\t\t\t\t\t\t\tdata-rsp_ch=\"on\"\n\t\t\t\t\t\t\t\tdata-xy=\"x:272px;y:-2px;\"\n\t\t\t\t\t\t\t\tdata-text=\"w:normal;\"\n\t\t\t\t\t\t\t\tdata-dim=\"w:68px;h:407px;\"\n\t\t\t\t\t\t\t\tdata-frame_999=\"o:0;st:w;\"\n\t\t\t\t\t\t\t\tstyle=\"z-index:13;\"\n\t\t\t\t\t\t\t><img decoding=\"async\" src=\"\/\/devprojects2022.lifemoz.com\/Revetium\/wp-content\/plugins\/revslider\/public\/assets\/assets\/dummy.png\" alt=\"\" class=\"tp-rs-img rs-lazyload\" width=\"117\" height=\"700\" data-lazyload=\"\/\/devprojects2022.lifemoz.com\/Revetium\/wp-content\/uploads\/2024\/07\/collection_GALENA.png\" data-no-retina> \n\t\t\t\t\t\t\t<\/rs-layer><!--\n\n\t\t\t\t\t\t\t--><a\n\t\t\t\t\t\t\t\tid=\"slider-2-slide-5-layer-5\" \n\t\t\t\t\t\t\t\tclass=\"rs-layer\"\n\t\t\t\t\t\t\t\thref=\"https:\/\/devprojects2022.lifemoz.com\/Revetium\/nos-collections\/collection-isly\/\" target=\"_self\"\n\t\t\t\t\t\t\t\tdata-type=\"image\"\n\t\t\t\t\t\t\t\tdata-rsp_ch=\"on\"\n\t\t\t\t\t\t\t\tdata-xy=\"x:340px;y:-2px;\"\n\t\t\t\t\t\t\t\tdata-text=\"w:normal;\"\n\t\t\t\t\t\t\t\tdata-dim=\"w:68px;h:407px;\"\n\t\t\t\t\t\t\t\tdata-frame_999=\"o:0;st:w;\"\n\t\t\t\t\t\t\t\tstyle=\"z-index:12;\"\n\t\t\t\t\t\t\t><img decoding=\"async\" src=\"\/\/devprojects2022.lifemoz.com\/Revetium\/wp-content\/plugins\/revslider\/public\/assets\/assets\/dummy.png\" alt=\"\" class=\"tp-rs-img rs-lazyload\" width=\"117\" height=\"700\" data-lazyload=\"\/\/devprojects2022.lifemoz.com\/Revetium\/wp-content\/uploads\/2024\/07\/collection_ISLY.png\" data-no-retina> \n\t\t\t\t\t\t\t<\/a><!--\n\n\t\t\t\t\t\t\t--><a\n\t\t\t\t\t\t\t\tid=\"slider-2-slide-5-layer-6\" \n\t\t\t\t\t\t\t\tclass=\"rs-layer\"\n\t\t\t\t\t\t\t\thref=\"https:\/\/devprojects2022.lifemoz.com\/Revetium\/nos-collections\/collection-meditera-nia\/\" target=\"_self\"\n\t\t\t\t\t\t\t\tdata-type=\"image\"\n\t\t\t\t\t\t\t\tdata-rsp_ch=\"on\"\n\t\t\t\t\t\t\t\tdata-xy=\"x:408px;y:-2px;\"\n\t\t\t\t\t\t\t\tdata-text=\"w:normal;\"\n\t\t\t\t\t\t\t\tdata-dim=\"w:68px;h:407px;\"\n\t\t\t\t\t\t\t\tdata-frame_999=\"o:0;st:w;\"\n\t\t\t\t\t\t\t\tstyle=\"z-index:11;\"\n\t\t\t\t\t\t\t><img decoding=\"async\" src=\"\/\/devprojects2022.lifemoz.com\/Revetium\/wp-content\/plugins\/revslider\/public\/assets\/assets\/dummy.png\" alt=\"\" class=\"tp-rs-img rs-lazyload\" width=\"117\" height=\"700\" data-lazyload=\"\/\/devprojects2022.lifemoz.com\/Revetium\/wp-content\/uploads\/2024\/07\/collection_MEDITRANEA.png\" data-no-retina> \n\t\t\t\t\t\t\t<\/a><!--\n\n\t\t\t\t\t\t\t--><a\n\t\t\t\t\t\t\t\tid=\"slider-2-slide-5-layer-7\" \n\t\t\t\t\t\t\t\tclass=\"rs-layer\"\n\t\t\t\t\t\t\t\thref=\"https:\/\/devprojects2022.lifemoz.com\/Revetium\/nos-collections\/collection-mimosa\/\" target=\"_self\"\n\t\t\t\t\t\t\t\tdata-type=\"image\"\n\t\t\t\t\t\t\t\tdata-rsp_ch=\"on\"\n\t\t\t\t\t\t\t\tdata-xy=\"x:476px;\"\n\t\t\t\t\t\t\t\tdata-text=\"w:normal;\"\n\t\t\t\t\t\t\t\tdata-dim=\"w:68px;h:407px;\"\n\t\t\t\t\t\t\t\tdata-frame_999=\"o:0;st:w;\"\n\t\t\t\t\t\t\t\tstyle=\"z-index:10;\"\n\t\t\t\t\t\t\t><img decoding=\"async\" src=\"\/\/devprojects2022.lifemoz.com\/Revetium\/wp-content\/plugins\/revslider\/public\/assets\/assets\/dummy.png\" alt=\"\" class=\"tp-rs-img rs-lazyload\" width=\"117\" height=\"700\" data-lazyload=\"\/\/devprojects2022.lifemoz.com\/Revetium\/wp-content\/uploads\/2024\/07\/collection_MIMOSE.png\" data-no-retina> \n\t\t\t\t\t\t\t<\/a><!--\n\n\t\t\t\t\t\t\t--><a\n\t\t\t\t\t\t\t\tid=\"slider-2-slide-5-layer-8\" \n\t\t\t\t\t\t\t\tclass=\"rs-layer\"\n\t\t\t\t\t\t\t\thref=\"https:\/\/devprojects2022.lifemoz.com\/Revetium\/nos-collections\/collection-siroua\/\" target=\"_self\"\n\t\t\t\t\t\t\t\tdata-type=\"image\"\n\t\t\t\t\t\t\t\tdata-rsp_ch=\"on\"\n\t\t\t\t\t\t\t\tdata-xy=\"x:544px;y:-1px;\"\n\t\t\t\t\t\t\t\tdata-text=\"w:normal;\"\n\t\t\t\t\t\t\t\tdata-dim=\"w:68px;h:407px;\"\n\t\t\t\t\t\t\t\tdata-frame_999=\"o:0;st:w;\"\n\t\t\t\t\t\t\t\tstyle=\"z-index:9;\"\n\t\t\t\t\t\t\t><img decoding=\"async\" src=\"\/\/devprojects2022.lifemoz.com\/Revetium\/wp-content\/plugins\/revslider\/public\/assets\/assets\/dummy.png\" alt=\"\" class=\"tp-rs-img rs-lazyload\" width=\"117\" height=\"700\" data-lazyload=\"\/\/devprojects2022.lifemoz.com\/Revetium\/wp-content\/uploads\/2024\/07\/collection_SIROUA.png\" data-no-retina> \n\t\t\t\t\t\t\t<\/a><!--\n\n\t\t\t\t\t\t\t--><a\n\t\t\t\t\t\t\t\tid=\"slider-2-slide-5-layer-9\" \n\t\t\t\t\t\t\t\tclass=\"rs-layer\"\n\t\t\t\t\t\t\t\thref=\"https:\/\/devprojects2022.lifemoz.com\/Revetium\/nos-collections\/collection-tazra\/\" target=\"_self\"\n\t\t\t\t\t\t\t\tdata-type=\"image\"\n\t\t\t\t\t\t\t\tdata-rsp_ch=\"on\"\n\t\t\t\t\t\t\t\tdata-xy=\"x:612px;y:-2px;\"\n\t\t\t\t\t\t\t\tdata-text=\"w:normal;\"\n\t\t\t\t\t\t\t\tdata-dim=\"w:68px;h:407px;\"\n\t\t\t\t\t\t\t\tdata-frame_999=\"o:0;st:w;\"\n\t\t\t\t\t\t\t\tstyle=\"z-index:8;\"\n\t\t\t\t\t\t\t><img decoding=\"async\" src=\"\/\/devprojects2022.lifemoz.com\/Revetium\/wp-content\/plugins\/revslider\/public\/assets\/assets\/dummy.png\" alt=\"\" class=\"tp-rs-img rs-lazyload\" width=\"117\" height=\"700\" data-lazyload=\"\/\/devprojects2022.lifemoz.com\/Revetium\/wp-content\/uploads\/2024\/07\/collection_TARZA.png\" data-no-retina> \n\t\t\t\t\t\t\t<\/a><!--\n-->\t\t\t\t\t\t<\/rs-slide>\n\t\t\t\t\t<\/rs-slides>\n\t\t\t\t<\/rs-module>\n\t\t\t\t<script>\n\t\t\t\t\tsetREVStartSize({c: 'rev_slider_2_1',rl:[1240,1024,778,480],el:[404],gw:[680],gh:[404],type:'standard',justify:'',layout:'fullwidth',mh:\"0\"});if (window.RS_MODULES!==undefined && window.RS_MODULES.modules!==undefined && window.RS_MODULES.modules[\"revslider21\"]!==undefined) {window.RS_MODULES.modules[\"revslider21\"].once = false;window.revapi2 = undefined;if (window.RS_MODULES.checkMinimal!==undefined) window.RS_MODULES.checkMinimal()}\n\t\t\t\t<\/script>\n\t\t\t<\/rs-module-wrap>\n\t\t\t<!-- END REVOLUTION SLIDER -->\n[\/vc_column][\/vc_row][vc_row content_placement=\u00a0\u00bbmiddle\u00a0\u00bb][vc_column][vc_column_text css=\u00a0\u00bb.vc_custom_1714038319773{margin-bottom: 10px !important;}\u00a0\u00bb]<\/p>\n<h1><strong>Collection<\/strong> <span style=\"color: #f38421;\"><strong>SAHARA<sup>\u00ae<\/sup><\/strong><\/span><\/h1>\n<p>[\/vc_column_text][vc_column_text]La <strong>Collection<\/strong> <span style=\"color: #f38421;\"><strong>SAHARA<sup>\u00ae<\/sup><\/strong><\/span> est une ode \u00e0 la po\u00e9sie du d\u00e9sert. Les courbes harmonieuses des dunes de sables, les jeux d\u2019ombre et de lumi\u00e8re, et la chaleur des couleurs du d\u00e9sert. La <strong>Collection<\/strong> <span style=\"color: #f38421;\"><strong>SAHARA<sup>\u00ae<\/sup><\/strong><\/span> combine les deux couleurs beige et marron, et permet de cr\u00e9er un effet estomp\u00e9 et embras\u00e9 pour am\u00e9nager vos ext\u00e9rieurs et mettre en relief votre int\u00e9rieur.[\/vc_column_text][\/vc_column][\/vc_row][vc_row equal_height=\u00a0\u00bbyes\u00a0\u00bb content_placement=\u00a0\u00bbmiddle\u00a0\u00bb css=\u00a0\u00bb.vc_custom_1725357218401{margin-bottom: 50px !important;}\u00a0\u00bb][vc_column width=\u00a0\u00bb1\/2&Prime; offset=\u00a0\u00bbvc_col-lg-6 vc_col-md-6 vc_col-xs-6&Prime;][vc_single_image image=\u00a0\u00bb1685&Prime; img_size=\u00a0\u00bbfull\u00a0\u00bb css=\u00a0\u00bb.vc_custom_1725357663393{margin-bottom: 0px !important;}\u00a0\u00bb][\/vc_column][vc_column width=\u00a0\u00bb1\/2&Prime; offset=\u00a0\u00bbvc_col-lg-6 vc_col-md-6 vc_col-xs-6&Prime;][vc_single_image image=\u00a0\u00bb1682&Prime; img_size=\u00a0\u00bbfull\u00a0\u00bb alignment=\u00a0\u00bbright\u00a0\u00bb css=\u00a0\u00bb.vc_custom_1725357556118{margin-bottom: 0px !important;}\u00a0\u00bb][\/vc_column][\/vc_row][vc_row content_placement=\u00a0\u00bbmiddle\u00a0\u00bb][vc_column width=\u00a0\u00bb1\/2&Prime;][vc_single_image image=\u00a0\u00bb92&Prime; img_size=\u00a0\u00bbfull\u00a0\u00bb alignment=\u00a0\u00bbcenter\u00a0\u00bb onclick=\u00a0\u00bbcustom_link\u00a0\u00bb link=\u00a0\u00bbhttps:\/\/devprojects2022.lifemoz.com\/Revetium\/nos-collections\/collections-sahara\/paves-dalles\/\u00a0\u00bb][\/vc_column][vc_column width=\u00a0\u00bb1\/2&Prime;][vc_single_image image=\u00a0\u00bb1049&Prime; img_size=\u00a0\u00bbfull\u00a0\u00bb alignment=\u00a0\u00bbcenter\u00a0\u00bb onclick=\u00a0\u00bbcustom_link\u00a0\u00bb link=\u00a0\u00bbhttps:\/\/devprojects2022.lifemoz.com\/Revetium\/nos-collections\/collections-sahara\/bordures\/\u00a0\u00bb][\/vc_column][\/vc_row][vc_row content_placement=\u00a0\u00bbmiddle\u00a0\u00bb][vc_column width=\u00a0\u00bb1\/2&Prime;][vc_single_image image=\u00a0\u00bb1048&Prime; img_size=\u00a0\u00bbfull\u00a0\u00bb alignment=\u00a0\u00bbcenter\u00a0\u00bb onclick=\u00a0\u00bbcustom_link\u00a0\u00bb link=\u00a0\u00bb\/Revetium\/nos-collections\/collections-sahara\/mobilier-urbain\/\u00a0\u00bb][\/vc_column][vc_column width=\u00a0\u00bb1\/2&Prime;]<div class=\"ult-just-icon-wrapper  \"><div class=\"align-icon\" style=\"text-align:center;\">\n<div class=\"aio-icon-img \" style=\"font-size:300px;display:inline-block;\" >\n\t<img decoding=\"async\" class=\"img-icon\" alt=\"null\" src=\"https:\/\/devprojects2022.lifemoz.com\/Revetium\/wp-content\/uploads\/2024\/02\/logo-flou.png\"\/>\n<\/div><\/div><\/div>[\/vc_column][\/vc_row]<\/p>\n<\/div>","protected":false},"excerpt":{"rendered":"<p>[vc_row el_class=\u00a0\u00bbslider-collections-desktop\u00a0\u00bb][vc_column][vc_column_text] [\/vc_column_text][\/vc_column][\/vc_row][vc_row el_class=\u00a0\u00bbslider-collections-mobile\u00a0\u00bb][vc_column][\/vc_column][\/vc_row][vc_row content_placement=\u00a0\u00bbmiddle\u00a0\u00bb][vc_column][vc_column_text css=\u00a0\u00bb.vc_custom_1714038319773{margin-bottom: 10px !important;}\u00a0\u00bb] Collection SAHARA\u00ae [\/vc_column_text][vc_column_text]La Collection SAHARA\u00ae est une ode \u00e0 la po\u00e9sie du d\u00e9sert. Les courbes harmonieuses des dunes de sables, les jeux d\u2019ombre et de lumi\u00e8re, et la chaleur des couleurs du d\u00e9sert. La Collection SAHARA\u00ae combine les deux couleurs beige et marron, et permet de cr\u00e9er&hellip;<\/p>\n","protected":false},"author":2,"featured_media":0,"parent":24,"menu_order":0,"comment_status":"closed","ping_status":"closed","template":"","meta":{"inline_featured_image":false,"footnotes":""},"class_list":["post-100","page","type-page","status-publish","hentry","description-off"],"yoast_head":"<!-- This site is optimized with the Yoast SEO plugin v23.6 - https:\/\/yoast.com\/wordpress\/plugins\/seo\/ -->\n<title>Collections SAHARA - Revetium \u00ae<\/title>\n<meta name=\"robots\" content=\"index, follow, max-snippet:-1, max-image-preview:large, max-video-preview:-1\" \/>\n<link rel=\"canonical\" href=\"https:\/\/devprojects2022.lifemoz.com\/Revetium\/nos-collections\/collections-sahara\/\" \/>\n<meta property=\"og:locale\" content=\"fr_FR\" \/>\n<meta property=\"og:type\" content=\"article\" \/>\n<meta property=\"og:title\" content=\"Collections SAHARA - Revetium \u00ae\" \/>\n<meta property=\"og:description\" content=\"[vc_row el_class=\u00a0\u00bbslider-collections-desktop\u00a0\u00bb][vc_column][vc_column_text] [\/vc_column_text][\/vc_column][\/vc_row][vc_row el_class=\u00a0\u00bbslider-collections-mobile\u00a0\u00bb][vc_column][\/vc_column][\/vc_row][vc_row content_placement=\u00a0\u00bbmiddle\u00a0\u00bb][vc_column][vc_column_text css=\u00a0\u00bb.vc_custom_1714038319773{margin-bottom: 10px !important;}\u00a0\u00bb] Collection SAHARA\u00ae [\/vc_column_text][vc_column_text]La Collection SAHARA\u00ae est une ode \u00e0 la po\u00e9sie du d\u00e9sert. Les courbes harmonieuses des dunes de sables, les jeux d\u2019ombre et de lumi\u00e8re, et la chaleur des couleurs du d\u00e9sert. La Collection SAHARA\u00ae combine les deux couleurs beige et marron, et permet de cr\u00e9er&hellip;\" \/>\n<meta property=\"og:url\" content=\"https:\/\/devprojects2022.lifemoz.com\/Revetium\/nos-collections\/collections-sahara\/\" \/>\n<meta property=\"og:site_name\" content=\"Revetium \u00ae\" \/>\n<meta property=\"article:modified_time\" content=\"2024-09-03T10:07:55+00:00\" \/>\n<meta name=\"twitter:card\" content=\"summary_large_image\" \/>\n<meta name=\"twitter:label1\" content=\"Dur\u00e9e de lecture estim\u00e9e\" \/>\n\t<meta name=\"twitter:data1\" content=\"2 minutes\" \/>\n<script type=\"application\/ld+json\" class=\"yoast-schema-graph\">{\"@context\":\"https:\/\/schema.org\",\"@graph\":[{\"@type\":\"WebPage\",\"@id\":\"https:\/\/devprojects2022.lifemoz.com\/Revetium\/nos-collections\/collections-sahara\/\",\"url\":\"https:\/\/devprojects2022.lifemoz.com\/Revetium\/nos-collections\/collections-sahara\/\",\"name\":\"Collections SAHARA - Revetium \u00ae\",\"isPartOf\":{\"@id\":\"https:\/\/devprojects2022.lifemoz.com\/Revetium\/#website\"},\"datePublished\":\"2024-02-06T14:28:02+00:00\",\"dateModified\":\"2024-09-03T10:07:55+00:00\",\"breadcrumb\":{\"@id\":\"https:\/\/devprojects2022.lifemoz.com\/Revetium\/nos-collections\/collections-sahara\/#breadcrumb\"},\"inLanguage\":\"fr-FR\",\"potentialAction\":[{\"@type\":\"ReadAction\",\"target\":[\"https:\/\/devprojects2022.lifemoz.com\/Revetium\/nos-collections\/collections-sahara\/\"]}]},{\"@type\":\"BreadcrumbList\",\"@id\":\"https:\/\/devprojects2022.lifemoz.com\/Revetium\/nos-collections\/collections-sahara\/#breadcrumb\",\"itemListElement\":[{\"@type\":\"ListItem\",\"position\":1,\"name\":\"Accueil\",\"item\":\"https:\/\/devprojects2022.lifemoz.com\/Revetium\/\"},{\"@type\":\"ListItem\",\"position\":2,\"name\":\"Nos Collections\",\"item\":\"https:\/\/devprojects2022.lifemoz.com\/Revetium\/nos-collections\/\"},{\"@type\":\"ListItem\",\"position\":3,\"name\":\"Collections SAHARA\"}]},{\"@type\":\"WebSite\",\"@id\":\"https:\/\/devprojects2022.lifemoz.com\/Revetium\/#website\",\"url\":\"https:\/\/devprojects2022.lifemoz.com\/Revetium\/\",\"name\":\"Revetium \u00ae\",\"description\":\"par menara prefa\",\"publisher\":{\"@id\":\"https:\/\/devprojects2022.lifemoz.com\/Revetium\/#organization\"},\"potentialAction\":[{\"@type\":\"SearchAction\",\"target\":{\"@type\":\"EntryPoint\",\"urlTemplate\":\"https:\/\/devprojects2022.lifemoz.com\/Revetium\/?s={search_term_string}\"},\"query-input\":{\"@type\":\"PropertyValueSpecification\",\"valueRequired\":true,\"valueName\":\"search_term_string\"}}],\"inLanguage\":\"fr-FR\"},{\"@type\":\"Organization\",\"@id\":\"https:\/\/devprojects2022.lifemoz.com\/Revetium\/#organization\",\"name\":\"Revetium \u00ae\",\"url\":\"https:\/\/devprojects2022.lifemoz.com\/Revetium\/\",\"logo\":{\"@type\":\"ImageObject\",\"inLanguage\":\"fr-FR\",\"@id\":\"https:\/\/devprojects2022.lifemoz.com\/Revetium\/#\/schema\/logo\/image\/\",\"url\":\"https:\/\/devprojects2022.lifemoz.com\/Revetium\/wp-content\/uploads\/2024\/04\/Logo_revetium.svg\",\"contentUrl\":\"https:\/\/devprojects2022.lifemoz.com\/Revetium\/wp-content\/uploads\/2024\/04\/Logo_revetium.svg\",\"width\":\"1024\",\"height\":\"1024\",\"caption\":\"Revetium \u00ae\"},\"image\":{\"@id\":\"https:\/\/devprojects2022.lifemoz.com\/Revetium\/#\/schema\/logo\/image\/\"}}]}<\/script>\n<!-- \/ Yoast SEO plugin. -->","yoast_head_json":{"title":"Collections SAHARA - Revetium \u00ae","robots":{"index":"index","follow":"follow","max-snippet":"max-snippet:-1","max-image-preview":"max-image-preview:large","max-video-preview":"max-video-preview:-1"},"canonical":"https:\/\/devprojects2022.lifemoz.com\/Revetium\/nos-collections\/collections-sahara\/","og_locale":"fr_FR","og_type":"article","og_title":"Collections SAHARA - Revetium \u00ae","og_description":"[vc_row el_class=\u00a0\u00bbslider-collections-desktop\u00a0\u00bb][vc_column][vc_column_text] [\/vc_column_text][\/vc_column][\/vc_row][vc_row el_class=\u00a0\u00bbslider-collections-mobile\u00a0\u00bb][vc_column][\/vc_column][\/vc_row][vc_row content_placement=\u00a0\u00bbmiddle\u00a0\u00bb][vc_column][vc_column_text css=\u00a0\u00bb.vc_custom_1714038319773{margin-bottom: 10px !important;}\u00a0\u00bb] Collection SAHARA\u00ae [\/vc_column_text][vc_column_text]La Collection SAHARA\u00ae est une ode \u00e0 la po\u00e9sie du d\u00e9sert. Les courbes harmonieuses des dunes de sables, les jeux d\u2019ombre et de lumi\u00e8re, et la chaleur des couleurs du d\u00e9sert. La Collection SAHARA\u00ae combine les deux couleurs beige et marron, et permet de cr\u00e9er&hellip;","og_url":"https:\/\/devprojects2022.lifemoz.com\/Revetium\/nos-collections\/collections-sahara\/","og_site_name":"Revetium \u00ae","article_modified_time":"2024-09-03T10:07:55+00:00","twitter_card":"summary_large_image","twitter_misc":{"Dur\u00e9e de lecture estim\u00e9e":"2 minutes"},"schema":{"@context":"https:\/\/schema.org","@graph":[{"@type":"WebPage","@id":"https:\/\/devprojects2022.lifemoz.com\/Revetium\/nos-collections\/collections-sahara\/","url":"https:\/\/devprojects2022.lifemoz.com\/Revetium\/nos-collections\/collections-sahara\/","name":"Collections SAHARA - Revetium \u00ae","isPartOf":{"@id":"https:\/\/devprojects2022.lifemoz.com\/Revetium\/#website"},"datePublished":"2024-02-06T14:28:02+00:00","dateModified":"2024-09-03T10:07:55+00:00","breadcrumb":{"@id":"https:\/\/devprojects2022.lifemoz.com\/Revetium\/nos-collections\/collections-sahara\/#breadcrumb"},"inLanguage":"fr-FR","potentialAction":[{"@type":"ReadAction","target":["https:\/\/devprojects2022.lifemoz.com\/Revetium\/nos-collections\/collections-sahara\/"]}]},{"@type":"BreadcrumbList","@id":"https:\/\/devprojects2022.lifemoz.com\/Revetium\/nos-collections\/collections-sahara\/#breadcrumb","itemListElement":[{"@type":"ListItem","position":1,"name":"Accueil","item":"https:\/\/devprojects2022.lifemoz.com\/Revetium\/"},{"@type":"ListItem","position":2,"name":"Nos Collections","item":"https:\/\/devprojects2022.lifemoz.com\/Revetium\/nos-collections\/"},{"@type":"ListItem","position":3,"name":"Collections SAHARA"}]},{"@type":"WebSite","@id":"https:\/\/devprojects2022.lifemoz.com\/Revetium\/#website","url":"https:\/\/devprojects2022.lifemoz.com\/Revetium\/","name":"Revetium \u00ae","description":"par menara prefa","publisher":{"@id":"https:\/\/devprojects2022.lifemoz.com\/Revetium\/#organization"},"potentialAction":[{"@type":"SearchAction","target":{"@type":"EntryPoint","urlTemplate":"https:\/\/devprojects2022.lifemoz.com\/Revetium\/?s={search_term_string}"},"query-input":{"@type":"PropertyValueSpecification","valueRequired":true,"valueName":"search_term_string"}}],"inLanguage":"fr-FR"},{"@type":"Organization","@id":"https:\/\/devprojects2022.lifemoz.com\/Revetium\/#organization","name":"Revetium \u00ae","url":"https:\/\/devprojects2022.lifemoz.com\/Revetium\/","logo":{"@type":"ImageObject","inLanguage":"fr-FR","@id":"https:\/\/devprojects2022.lifemoz.com\/Revetium\/#\/schema\/logo\/image\/","url":"https:\/\/devprojects2022.lifemoz.com\/Revetium\/wp-content\/uploads\/2024\/04\/Logo_revetium.svg","contentUrl":"https:\/\/devprojects2022.lifemoz.com\/Revetium\/wp-content\/uploads\/2024\/04\/Logo_revetium.svg","width":"1024","height":"1024","caption":"Revetium \u00ae"},"image":{"@id":"https:\/\/devprojects2022.lifemoz.com\/Revetium\/#\/schema\/logo\/image\/"}}]}},"_links":{"self":[{"href":"https:\/\/devprojects2022.lifemoz.com\/Revetium\/wp-json\/wp\/v2\/pages\/100","targetHints":{"allow":["GET"]}}],"collection":[{"href":"https:\/\/devprojects2022.lifemoz.com\/Revetium\/wp-json\/wp\/v2\/pages"}],"about":[{"href":"https:\/\/devprojects2022.lifemoz.com\/Revetium\/wp-json\/wp\/v2\/types\/page"}],"author":[{"embeddable":true,"href":"https:\/\/devprojects2022.lifemoz.com\/Revetium\/wp-json\/wp\/v2\/users\/2"}],"replies":[{"embeddable":true,"href":"https:\/\/devprojects2022.lifemoz.com\/Revetium\/wp-json\/wp\/v2\/comments?post=100"}],"version-history":[{"count":18,"href":"https:\/\/devprojects2022.lifemoz.com\/Revetium\/wp-json\/wp\/v2\/pages\/100\/revisions"}],"predecessor-version":[{"id":154,"href":"https:\/\/devprojects2022.lifemoz.com\/Revetium\/wp-json\/wp\/v2\/pages\/100\/revisions\/154"}],"up":[{"embeddable":true,"href":"https:\/\/devprojects2022.lifemoz.com\/Revetium\/wp-json\/wp\/v2\/pages\/24"}],"wp:attachment":[{"href":"https:\/\/devprojects2022.lifemoz.com\/Revetium\/wp-json\/wp\/v2\/media?parent=100"}],"curies":[{"name":"wp","href":"https:\/\/api.w.org\/{rel}","templated":true}]}}