{"id":110,"date":"2024-02-06T15:31:28","date_gmt":"2024-02-06T14:31:28","guid":{"rendered":"https:\/\/devprojects2022.lifemoz.com\/Revetium\/?page_id=110"},"modified":"2024-09-03T12:04:07","modified_gmt":"2024-09-03T10:04:07","slug":"collection-siroua","status":"publish","type":"page","link":"https:\/\/devprojects2022.lifemoz.com\/Revetium\/nos-collections\/collection-siroua\/","title":{"rendered":"Collection SIROUA"},"content":{"rendered":"<div class=\"wpb-content-wrapper\"><p>[vc_row el_class=\u00a0\u00bbslider-collections-desktop\u00a0\u00bb][vc_column][vc_column_text]<div id=\"demo\"><\/div>\n[\/vc_column_text][\/vc_column][\/vc_row][vc_row el_class=\u00a0\u00bbslider-collections-mobile\u00a0\u00bb][vc_column]\n\t\t\t<!-- START Slider collections REVOLUTION SLIDER 6.6.20 --><p class=\"rs-p-wp-fix\"><\/p>\n\t\t\t<rs-module-wrap id=\"rev_slider_2_1_wrapper\" data-source=\"gallery\" style=\"visibility:hidden;background:transparent;padding:0;margin:0px auto;margin-top:0;margin-bottom:0;\">\n\t\t\t\t<rs-module id=\"rev_slider_2_1\" style=\"\" data-version=\"6.6.20\">\n\t\t\t\t\t<rs-slides style=\"overflow: hidden; position: absolute;\">\n\t\t\t\t\t\t<rs-slide style=\"position: absolute;\" data-key=\"rs-5\" data-title=\"Slide\" data-in=\"o:0;\" data-out=\"a:false;\">\n\t\t\t\t\t\t\t<img decoding=\"async\" src=\"\/\/devprojects2022.lifemoz.com\/Revetium\/wp-content\/plugins\/revslider\/public\/assets\/assets\/dummy.png\" alt=\"Slide\" title=\"Collection SIROUA\" class=\"rev-slidebg tp-rs-img rs-lazyload\" data-lazyload=\"\/\/devprojects2022.lifemoz.com\/Revetium\/wp-content\/plugins\/revslider\/public\/assets\/assets\/transparent.png\" data-no-retina>\n<!--\n\t\t\t\t\t\t\t--><a\n\t\t\t\t\t\t\t\tid=\"slider-2-slide-5-layer-0\" \n\t\t\t\t\t\t\t\tclass=\"rs-layer\"\n\t\t\t\t\t\t\t\thref=\"https:\/\/devprojects2022.lifemoz.com\/Revetium\/nos-collections\/collection-ar-rafraf\/\" target=\"_self\"\n\t\t\t\t\t\t\t\tdata-type=\"image\"\n\t\t\t\t\t\t\t\tdata-rsp_ch=\"on\"\n\t\t\t\t\t\t\t\tdata-xy=\"x:136px;y:-2px;\"\n\t\t\t\t\t\t\t\tdata-text=\"w:normal;\"\n\t\t\t\t\t\t\t\tdata-dim=\"w:68px;h:407px;\"\n\t\t\t\t\t\t\t\tdata-frame_999=\"o:0;st:w;\"\n\t\t\t\t\t\t\t\tstyle=\"z-index:15;\"\n\t\t\t\t\t\t\t><img decoding=\"async\" src=\"\/\/devprojects2022.lifemoz.com\/Revetium\/wp-content\/plugins\/revslider\/public\/assets\/assets\/dummy.png\" alt=\"\" class=\"tp-rs-img rs-lazyload\" width=\"117\" height=\"700\" data-lazyload=\"\/\/devprojects2022.lifemoz.com\/Revetium\/wp-content\/uploads\/2024\/07\/collection_AR-RAFRAF.png\" data-no-retina> \n\t\t\t\t\t\t\t<\/a><!--\n\n\t\t\t\t\t\t\t--><a\n\t\t\t\t\t\t\t\tid=\"slider-2-slide-5-layer-1\" \n\t\t\t\t\t\t\t\tclass=\"rs-layer\"\n\t\t\t\t\t\t\t\thref=\"https:\/\/devprojects2022.lifemoz.com\/Revetium\/nos-collections\/collections-sahara\/\" target=\"_self\"\n\t\t\t\t\t\t\t\tdata-type=\"image\"\n\t\t\t\t\t\t\t\tdata-rsp_ch=\"on\"\n\t\t\t\t\t\t\t\tdata-xy=\"y:-2px;\"\n\t\t\t\t\t\t\t\tdata-text=\"w:normal;\"\n\t\t\t\t\t\t\t\tdata-dim=\"w:68px;h:407px;\"\n\t\t\t\t\t\t\t\tdata-frame_999=\"o:0;st:w;\"\n\t\t\t\t\t\t\t\tstyle=\"z-index:7;\"\n\t\t\t\t\t\t\t><img decoding=\"async\" src=\"\/\/devprojects2022.lifemoz.com\/Revetium\/wp-content\/plugins\/revslider\/public\/assets\/assets\/dummy.png\" alt=\"\" class=\"tp-rs-img rs-lazyload\" width=\"117\" height=\"700\" data-lazyload=\"\/\/devprojects2022.lifemoz.com\/Revetium\/wp-content\/uploads\/2024\/07\/collection_SAHARA.png\" data-no-retina> \n\t\t\t\t\t\t\t<\/a><!--\n\n\t\t\t\t\t\t\t--><a\n\t\t\t\t\t\t\t\tid=\"slider-2-slide-5-layer-2\" \n\t\t\t\t\t\t\t\tclass=\"rs-layer\"\n\t\t\t\t\t\t\t\thref=\"https:\/\/devprojects2022.lifemoz.com\/Revetium\/nos-collections\/collection-aragonite\/\" target=\"_self\"\n\t\t\t\t\t\t\t\tdata-type=\"image\"\n\t\t\t\t\t\t\t\tdata-rsp_ch=\"on\"\n\t\t\t\t\t\t\t\tdata-xy=\"x:68px;y:-2px;\"\n\t\t\t\t\t\t\t\tdata-text=\"w:normal;\"\n\t\t\t\t\t\t\t\tdata-dim=\"w:68px;h:407px;\"\n\t\t\t\t\t\t\t\tdata-frame_999=\"o:0;st:w;\"\n\t\t\t\t\t\t\t\tstyle=\"z-index:6;\"\n\t\t\t\t\t\t\t><img decoding=\"async\" src=\"\/\/devprojects2022.lifemoz.com\/Revetium\/wp-content\/plugins\/revslider\/public\/assets\/assets\/dummy.png\" alt=\"\" class=\"tp-rs-img rs-lazyload\" width=\"117\" height=\"700\" data-lazyload=\"\/\/devprojects2022.lifemoz.com\/Revetium\/wp-content\/uploads\/2024\/07\/collection_ARGONITEpng.png\" data-no-retina> \n\t\t\t\t\t\t\t<\/a><!--\n\n\t\t\t\t\t\t\t--><a\n\t\t\t\t\t\t\t\tid=\"slider-2-slide-5-layer-3\" \n\t\t\t\t\t\t\t\tclass=\"rs-layer\"\n\t\t\t\t\t\t\t\thref=\"https:\/\/devprojects2022.lifemoz.com\/Revetium\/nos-collections\/collection-emberiza\/\" target=\"_self\"\n\t\t\t\t\t\t\t\tdata-type=\"image\"\n\t\t\t\t\t\t\t\tdata-rsp_ch=\"on\"\n\t\t\t\t\t\t\t\tdata-xy=\"x:204px;y:-2px;\"\n\t\t\t\t\t\t\t\tdata-text=\"w:normal;\"\n\t\t\t\t\t\t\t\tdata-dim=\"w:68px;h:407px;\"\n\t\t\t\t\t\t\t\tdata-frame_999=\"o:0;st:w;\"\n\t\t\t\t\t\t\t\tstyle=\"z-index:14;\"\n\t\t\t\t\t\t\t><img decoding=\"async\" src=\"\/\/devprojects2022.lifemoz.com\/Revetium\/wp-content\/plugins\/revslider\/public\/assets\/assets\/dummy.png\" alt=\"\" class=\"tp-rs-img rs-lazyload\" width=\"117\" height=\"700\" data-lazyload=\"\/\/devprojects2022.lifemoz.com\/Revetium\/wp-content\/uploads\/2024\/07\/collection_EMBREZIA.png\" data-no-retina> \n\t\t\t\t\t\t\t<\/a><!--\n\n\t\t\t\t\t\t\t--><rs-layer\n\t\t\t\t\t\t\t\tid=\"slider-2-slide-5-layer-4\" \n\t\t\t\t\t\t\t\tdata-type=\"image\"\n\t\t\t\t\t\t\t\tdata-rsp_ch=\"on\"\n\t\t\t\t\t\t\t\tdata-xy=\"x:272px;y:-2px;\"\n\t\t\t\t\t\t\t\tdata-text=\"w:normal;\"\n\t\t\t\t\t\t\t\tdata-dim=\"w:68px;h:407px;\"\n\t\t\t\t\t\t\t\tdata-frame_999=\"o:0;st:w;\"\n\t\t\t\t\t\t\t\tstyle=\"z-index:13;\"\n\t\t\t\t\t\t\t><img decoding=\"async\" src=\"\/\/devprojects2022.lifemoz.com\/Revetium\/wp-content\/plugins\/revslider\/public\/assets\/assets\/dummy.png\" alt=\"\" class=\"tp-rs-img rs-lazyload\" width=\"117\" height=\"700\" data-lazyload=\"\/\/devprojects2022.lifemoz.com\/Revetium\/wp-content\/uploads\/2024\/07\/collection_GALENA.png\" data-no-retina> \n\t\t\t\t\t\t\t<\/rs-layer><!--\n\n\t\t\t\t\t\t\t--><a\n\t\t\t\t\t\t\t\tid=\"slider-2-slide-5-layer-5\" \n\t\t\t\t\t\t\t\tclass=\"rs-layer\"\n\t\t\t\t\t\t\t\thref=\"https:\/\/devprojects2022.lifemoz.com\/Revetium\/nos-collections\/collection-isly\/\" target=\"_self\"\n\t\t\t\t\t\t\t\tdata-type=\"image\"\n\t\t\t\t\t\t\t\tdata-rsp_ch=\"on\"\n\t\t\t\t\t\t\t\tdata-xy=\"x:340px;y:-2px;\"\n\t\t\t\t\t\t\t\tdata-text=\"w:normal;\"\n\t\t\t\t\t\t\t\tdata-dim=\"w:68px;h:407px;\"\n\t\t\t\t\t\t\t\tdata-frame_999=\"o:0;st:w;\"\n\t\t\t\t\t\t\t\tstyle=\"z-index:12;\"\n\t\t\t\t\t\t\t><img decoding=\"async\" src=\"\/\/devprojects2022.lifemoz.com\/Revetium\/wp-content\/plugins\/revslider\/public\/assets\/assets\/dummy.png\" alt=\"\" class=\"tp-rs-img rs-lazyload\" width=\"117\" height=\"700\" data-lazyload=\"\/\/devprojects2022.lifemoz.com\/Revetium\/wp-content\/uploads\/2024\/07\/collection_ISLY.png\" data-no-retina> \n\t\t\t\t\t\t\t<\/a><!--\n\n\t\t\t\t\t\t\t--><a\n\t\t\t\t\t\t\t\tid=\"slider-2-slide-5-layer-6\" \n\t\t\t\t\t\t\t\tclass=\"rs-layer\"\n\t\t\t\t\t\t\t\thref=\"https:\/\/devprojects2022.lifemoz.com\/Revetium\/nos-collections\/collection-meditera-nia\/\" target=\"_self\"\n\t\t\t\t\t\t\t\tdata-type=\"image\"\n\t\t\t\t\t\t\t\tdata-rsp_ch=\"on\"\n\t\t\t\t\t\t\t\tdata-xy=\"x:408px;y:-2px;\"\n\t\t\t\t\t\t\t\tdata-text=\"w:normal;\"\n\t\t\t\t\t\t\t\tdata-dim=\"w:68px;h:407px;\"\n\t\t\t\t\t\t\t\tdata-frame_999=\"o:0;st:w;\"\n\t\t\t\t\t\t\t\tstyle=\"z-index:11;\"\n\t\t\t\t\t\t\t><img decoding=\"async\" src=\"\/\/devprojects2022.lifemoz.com\/Revetium\/wp-content\/plugins\/revslider\/public\/assets\/assets\/dummy.png\" alt=\"\" class=\"tp-rs-img rs-lazyload\" width=\"117\" height=\"700\" data-lazyload=\"\/\/devprojects2022.lifemoz.com\/Revetium\/wp-content\/uploads\/2024\/07\/collection_MEDITRANEA.png\" data-no-retina> \n\t\t\t\t\t\t\t<\/a><!--\n\n\t\t\t\t\t\t\t--><a\n\t\t\t\t\t\t\t\tid=\"slider-2-slide-5-layer-7\" \n\t\t\t\t\t\t\t\tclass=\"rs-layer\"\n\t\t\t\t\t\t\t\thref=\"https:\/\/devprojects2022.lifemoz.com\/Revetium\/nos-collections\/collection-mimosa\/\" target=\"_self\"\n\t\t\t\t\t\t\t\tdata-type=\"image\"\n\t\t\t\t\t\t\t\tdata-rsp_ch=\"on\"\n\t\t\t\t\t\t\t\tdata-xy=\"x:476px;\"\n\t\t\t\t\t\t\t\tdata-text=\"w:normal;\"\n\t\t\t\t\t\t\t\tdata-dim=\"w:68px;h:407px;\"\n\t\t\t\t\t\t\t\tdata-frame_999=\"o:0;st:w;\"\n\t\t\t\t\t\t\t\tstyle=\"z-index:10;\"\n\t\t\t\t\t\t\t><img decoding=\"async\" src=\"\/\/devprojects2022.lifemoz.com\/Revetium\/wp-content\/plugins\/revslider\/public\/assets\/assets\/dummy.png\" alt=\"\" class=\"tp-rs-img rs-lazyload\" width=\"117\" height=\"700\" data-lazyload=\"\/\/devprojects2022.lifemoz.com\/Revetium\/wp-content\/uploads\/2024\/07\/collection_MIMOSE.png\" data-no-retina> \n\t\t\t\t\t\t\t<\/a><!--\n\n\t\t\t\t\t\t\t--><a\n\t\t\t\t\t\t\t\tid=\"slider-2-slide-5-layer-8\" \n\t\t\t\t\t\t\t\tclass=\"rs-layer\"\n\t\t\t\t\t\t\t\thref=\"https:\/\/devprojects2022.lifemoz.com\/Revetium\/nos-collections\/collection-siroua\/\" target=\"_self\"\n\t\t\t\t\t\t\t\tdata-type=\"image\"\n\t\t\t\t\t\t\t\tdata-rsp_ch=\"on\"\n\t\t\t\t\t\t\t\tdata-xy=\"x:544px;y:-1px;\"\n\t\t\t\t\t\t\t\tdata-text=\"w:normal;\"\n\t\t\t\t\t\t\t\tdata-dim=\"w:68px;h:407px;\"\n\t\t\t\t\t\t\t\tdata-frame_999=\"o:0;st:w;\"\n\t\t\t\t\t\t\t\tstyle=\"z-index:9;\"\n\t\t\t\t\t\t\t><img decoding=\"async\" src=\"\/\/devprojects2022.lifemoz.com\/Revetium\/wp-content\/plugins\/revslider\/public\/assets\/assets\/dummy.png\" alt=\"\" class=\"tp-rs-img rs-lazyload\" width=\"117\" height=\"700\" data-lazyload=\"\/\/devprojects2022.lifemoz.com\/Revetium\/wp-content\/uploads\/2024\/07\/collection_SIROUA.png\" data-no-retina> \n\t\t\t\t\t\t\t<\/a><!--\n\n\t\t\t\t\t\t\t--><a\n\t\t\t\t\t\t\t\tid=\"slider-2-slide-5-layer-9\" \n\t\t\t\t\t\t\t\tclass=\"rs-layer\"\n\t\t\t\t\t\t\t\thref=\"https:\/\/devprojects2022.lifemoz.com\/Revetium\/nos-collections\/collection-tazra\/\" target=\"_self\"\n\t\t\t\t\t\t\t\tdata-type=\"image\"\n\t\t\t\t\t\t\t\tdata-rsp_ch=\"on\"\n\t\t\t\t\t\t\t\tdata-xy=\"x:612px;y:-2px;\"\n\t\t\t\t\t\t\t\tdata-text=\"w:normal;\"\n\t\t\t\t\t\t\t\tdata-dim=\"w:68px;h:407px;\"\n\t\t\t\t\t\t\t\tdata-frame_999=\"o:0;st:w;\"\n\t\t\t\t\t\t\t\tstyle=\"z-index:8;\"\n\t\t\t\t\t\t\t><img decoding=\"async\" src=\"\/\/devprojects2022.lifemoz.com\/Revetium\/wp-content\/plugins\/revslider\/public\/assets\/assets\/dummy.png\" alt=\"\" class=\"tp-rs-img rs-lazyload\" width=\"117\" height=\"700\" data-lazyload=\"\/\/devprojects2022.lifemoz.com\/Revetium\/wp-content\/uploads\/2024\/07\/collection_TARZA.png\" data-no-retina> \n\t\t\t\t\t\t\t<\/a><!--\n-->\t\t\t\t\t\t<\/rs-slide>\n\t\t\t\t\t<\/rs-slides>\n\t\t\t\t<\/rs-module>\n\t\t\t\t<script>\n\t\t\t\t\tsetREVStartSize({c: 'rev_slider_2_1',rl:[1240,1024,778,480],el:[404],gw:[680],gh:[404],type:'standard',justify:'',layout:'fullwidth',mh:\"0\"});if (window.RS_MODULES!==undefined && window.RS_MODULES.modules!==undefined && window.RS_MODULES.modules[\"revslider21\"]!==undefined) {window.RS_MODULES.modules[\"revslider21\"].once = false;window.revapi2 = undefined;if (window.RS_MODULES.checkMinimal!==undefined) window.RS_MODULES.checkMinimal()}\n\t\t\t\t<\/script>\n\t\t\t<\/rs-module-wrap>\n\t\t\t<!-- END REVOLUTION SLIDER -->\n[\/vc_column][\/vc_row][vc_row content_placement=\u00a0\u00bbmiddle\u00a0\u00bb][vc_column][vc_column_text css=\u00a0\u00bb.vc_custom_1714039449822{margin-bottom: 10px !important;}\u00a0\u00bb]<\/p>\n<h1>Collection <span style=\"color: #f38421;\">SIROUA<sup>\u00ae<\/sup><\/span><\/h1>\n<p>[\/vc_column_text][vc_column_text]<\/p>\n<h3>Collection <span style=\"color: #f38421;\">SIROUA<strong><sup>\u00ae<\/sup><\/strong> : L&rsquo;\u00c9nergie Tellurique<\/span><\/h3>\n<p>La <strong>Collection <span style=\"color: #f38421;\">SIROUA<sup>\u00ae<\/sup><\/span><\/strong> puise son inspiration directement des forces vives de la nature, incarnant la puissance tellurique du volcan du m\u00eame nom, situ\u00e9 entre le Haut-Atlas et l&rsquo;Anti-Atlas. Cette collection unique \u00e9voque la robustesse des roches volcaniques et les teintes incandescentes qui \u00e9manent de leur int\u00e9rieur.<\/p>\n<p>Les nuances vibrantes d&rsquo;orange, de rouge brique et de mauve s&rsquo;entrem\u00ealent dans un ballet chromatique, cr\u00e9ant l&rsquo;illusion saisissante d&rsquo;un sol enflamm\u00e9. La <strong>Collection <span style=\"color: #f38421;\">SIROUA<sup>\u00ae<\/sup><\/span><\/strong> donne vie \u00e0 un paysage o\u00f9 chaque dalle et pav\u00e9 ressemble \u00e0 une empreinte du magma en fusion, rappelant la force tellurique qui anime le c\u0153ur de la terre.<\/p>\n<p>Le choix des couleurs n&rsquo;est pas anodin. L&rsquo;orange incandescent symbolise l&rsquo;\u00e9nergie brute, le rouge brique \u00e9voque la solidit\u00e9 des roches, et le mauve offre une touche mystique \u00e0 l&rsquo;ensemble. Ensemble, ils cr\u00e9ent une c\u00e9l\u00e9bration de la force et de la vitalit\u00e9 de la terre.[\/vc_column_text][\/vc_column][\/vc_row][vc_row equal_height=\u00a0\u00bbyes\u00a0\u00bb content_placement=\u00a0\u00bbmiddle\u00a0\u00bb css=\u00a0\u00bb.vc_custom_1725357218401{margin-bottom: 50px !important;}\u00a0\u00bb][vc_column width=\u00a0\u00bb1\/2&Prime; offset=\u00a0\u00bbvc_col-lg-6 vc_col-md-6 vc_col-xs-6&Prime;][vc_single_image image=\u00a0\u00bb1691&Prime; img_size=\u00a0\u00bbfull\u00a0\u00bb css=\u00a0\u00bb.vc_custom_1725357845250{margin-bottom: 0px !important;}\u00a0\u00bb][\/vc_column][vc_column width=\u00a0\u00bb1\/2&Prime; offset=\u00a0\u00bbvc_col-lg-6 vc_col-md-6 vc_col-xs-6&Prime;][vc_single_image image=\u00a0\u00bb1688&Prime; img_size=\u00a0\u00bbfull\u00a0\u00bb alignment=\u00a0\u00bbright\u00a0\u00bb css=\u00a0\u00bb.vc_custom_1725357755450{margin-bottom: 0px !important;}\u00a0\u00bb][\/vc_column][\/vc_row][vc_row content_placement=\u00a0\u00bbmiddle\u00a0\u00bb][vc_column width=\u00a0\u00bb1\/2&Prime;][vc_single_image image=\u00a0\u00bb173&Prime; img_size=\u00a0\u00bbfull\u00a0\u00bb alignment=\u00a0\u00bbcenter\u00a0\u00bb onclick=\u00a0\u00bbcustom_link\u00a0\u00bb link=\u00a0\u00bbhttps:\/\/devprojects2022.lifemoz.com\/Revetium\/nos-collections\/collection-siroua\/paves-dalles\/\u00a0\u00bb][\/vc_column][vc_column width=\u00a0\u00bb1\/2&Prime;][vc_single_image image=\u00a0\u00bb1666&Prime; img_size=\u00a0\u00bbfull\u00a0\u00bb alignment=\u00a0\u00bbcenter\u00a0\u00bb onclick=\u00a0\u00bbcustom_link\u00a0\u00bb link=\u00a0\u00bbhttps:\/\/devprojects2022.lifemoz.com\/Revetium\/nos-collections\/collection-siroua\/bordures\/\u00a0\u00bb][\/vc_column][\/vc_row][vc_row content_placement=\u00a0\u00bbmiddle\u00a0\u00bb][vc_column width=\u00a0\u00bb1\/2&Prime;][vc_single_image image=\u00a0\u00bb1070&Prime; img_size=\u00a0\u00bbfull\u00a0\u00bb alignment=\u00a0\u00bbcenter\u00a0\u00bb onclick=\u00a0\u00bbcustom_link\u00a0\u00bb link=\u00a0\u00bb\/Revetium\/nos-collections\/collection-siroua\/mobilier-urbain\/\u00a0\u00bb][\/vc_column][vc_column width=\u00a0\u00bb1\/2&Prime;]<div class=\"ult-just-icon-wrapper  \"><div class=\"align-icon\" style=\"text-align:center;\">\n<div class=\"aio-icon-img \" style=\"font-size:300px;display:inline-block;\" >\n\t<img decoding=\"async\" class=\"img-icon\" alt=\"null\" src=\"https:\/\/devprojects2022.lifemoz.com\/Revetium\/wp-content\/uploads\/2024\/02\/logo-flou.png\"\/>\n<\/div><\/div><\/div>[\/vc_column][\/vc_row]<\/p>\n<\/div>","protected":false},"excerpt":{"rendered":"<p>[vc_row el_class=\u00a0\u00bbslider-collections-desktop\u00a0\u00bb][vc_column][vc_column_text] [\/vc_column_text][\/vc_column][\/vc_row][vc_row el_class=\u00a0\u00bbslider-collections-mobile\u00a0\u00bb][vc_column][\/vc_column][\/vc_row][vc_row content_placement=\u00a0\u00bbmiddle\u00a0\u00bb][vc_column][vc_column_text css=\u00a0\u00bb.vc_custom_1714039449822{margin-bottom: 10px !important;}\u00a0\u00bb] Collection SIROUA\u00ae [\/vc_column_text][vc_column_text] Collection SIROUA\u00ae : L&rsquo;\u00c9nergie Tellurique La Collection SIROUA\u00ae puise son inspiration directement des forces vives de la nature, incarnant la puissance tellurique du volcan du m\u00eame nom, situ\u00e9 entre le Haut-Atlas et l&rsquo;Anti-Atlas. Cette collection unique \u00e9voque la robustesse des roches volcaniques et les&hellip;<\/p>\n","protected":false},"author":2,"featured_media":0,"parent":24,"menu_order":0,"comment_status":"closed","ping_status":"closed","template":"","meta":{"inline_featured_image":false,"footnotes":""},"class_list":["post-110","page","type-page","status-publish","hentry","description-off"],"yoast_head":"<!-- This site is optimized with the Yoast SEO plugin v23.6 - https:\/\/yoast.com\/wordpress\/plugins\/seo\/ -->\n<title>Collection SIROUA - Revetium \u00ae<\/title>\n<meta name=\"robots\" content=\"index, follow, max-snippet:-1, max-image-preview:large, max-video-preview:-1\" \/>\n<link rel=\"canonical\" href=\"https:\/\/devprojects2022.lifemoz.com\/Revetium\/nos-collections\/collection-siroua\/\" \/>\n<meta property=\"og:locale\" content=\"fr_FR\" \/>\n<meta property=\"og:type\" content=\"article\" \/>\n<meta property=\"og:title\" content=\"Collection SIROUA - Revetium \u00ae\" \/>\n<meta property=\"og:description\" content=\"[vc_row el_class=\u00a0\u00bbslider-collections-desktop\u00a0\u00bb][vc_column][vc_column_text] [\/vc_column_text][\/vc_column][\/vc_row][vc_row el_class=\u00a0\u00bbslider-collections-mobile\u00a0\u00bb][vc_column][\/vc_column][\/vc_row][vc_row content_placement=\u00a0\u00bbmiddle\u00a0\u00bb][vc_column][vc_column_text css=\u00a0\u00bb.vc_custom_1714039449822{margin-bottom: 10px !important;}\u00a0\u00bb] Collection SIROUA\u00ae [\/vc_column_text][vc_column_text] Collection SIROUA\u00ae : L&rsquo;\u00c9nergie Tellurique La Collection SIROUA\u00ae puise son inspiration directement des forces vives de la nature, incarnant la puissance tellurique du volcan du m\u00eame nom, situ\u00e9 entre le Haut-Atlas et l&rsquo;Anti-Atlas. Cette collection unique \u00e9voque la robustesse des roches volcaniques et les&hellip;\" \/>\n<meta property=\"og:url\" content=\"https:\/\/devprojects2022.lifemoz.com\/Revetium\/nos-collections\/collection-siroua\/\" \/>\n<meta property=\"og:site_name\" content=\"Revetium \u00ae\" \/>\n<meta property=\"article:modified_time\" content=\"2024-09-03T10:04:07+00:00\" \/>\n<meta name=\"twitter:card\" content=\"summary_large_image\" \/>\n<meta name=\"twitter:label1\" content=\"Dur\u00e9e de lecture estim\u00e9e\" \/>\n\t<meta name=\"twitter:data1\" content=\"2 minutes\" \/>\n<script type=\"application\/ld+json\" class=\"yoast-schema-graph\">{\"@context\":\"https:\/\/schema.org\",\"@graph\":[{\"@type\":\"WebPage\",\"@id\":\"https:\/\/devprojects2022.lifemoz.com\/Revetium\/nos-collections\/collection-siroua\/\",\"url\":\"https:\/\/devprojects2022.lifemoz.com\/Revetium\/nos-collections\/collection-siroua\/\",\"name\":\"Collection SIROUA - Revetium \u00ae\",\"isPartOf\":{\"@id\":\"https:\/\/devprojects2022.lifemoz.com\/Revetium\/#website\"},\"datePublished\":\"2024-02-06T14:31:28+00:00\",\"dateModified\":\"2024-09-03T10:04:07+00:00\",\"breadcrumb\":{\"@id\":\"https:\/\/devprojects2022.lifemoz.com\/Revetium\/nos-collections\/collection-siroua\/#breadcrumb\"},\"inLanguage\":\"fr-FR\",\"potentialAction\":[{\"@type\":\"ReadAction\",\"target\":[\"https:\/\/devprojects2022.lifemoz.com\/Revetium\/nos-collections\/collection-siroua\/\"]}]},{\"@type\":\"BreadcrumbList\",\"@id\":\"https:\/\/devprojects2022.lifemoz.com\/Revetium\/nos-collections\/collection-siroua\/#breadcrumb\",\"itemListElement\":[{\"@type\":\"ListItem\",\"position\":1,\"name\":\"Accueil\",\"item\":\"https:\/\/devprojects2022.lifemoz.com\/Revetium\/\"},{\"@type\":\"ListItem\",\"position\":2,\"name\":\"Nos Collections\",\"item\":\"https:\/\/devprojects2022.lifemoz.com\/Revetium\/nos-collections\/\"},{\"@type\":\"ListItem\",\"position\":3,\"name\":\"Collection SIROUA\"}]},{\"@type\":\"WebSite\",\"@id\":\"https:\/\/devprojects2022.lifemoz.com\/Revetium\/#website\",\"url\":\"https:\/\/devprojects2022.lifemoz.com\/Revetium\/\",\"name\":\"Revetium \u00ae\",\"description\":\"par menara prefa\",\"publisher\":{\"@id\":\"https:\/\/devprojects2022.lifemoz.com\/Revetium\/#organization\"},\"potentialAction\":[{\"@type\":\"SearchAction\",\"target\":{\"@type\":\"EntryPoint\",\"urlTemplate\":\"https:\/\/devprojects2022.lifemoz.com\/Revetium\/?s={search_term_string}\"},\"query-input\":{\"@type\":\"PropertyValueSpecification\",\"valueRequired\":true,\"valueName\":\"search_term_string\"}}],\"inLanguage\":\"fr-FR\"},{\"@type\":\"Organization\",\"@id\":\"https:\/\/devprojects2022.lifemoz.com\/Revetium\/#organization\",\"name\":\"Revetium \u00ae\",\"url\":\"https:\/\/devprojects2022.lifemoz.com\/Revetium\/\",\"logo\":{\"@type\":\"ImageObject\",\"inLanguage\":\"fr-FR\",\"@id\":\"https:\/\/devprojects2022.lifemoz.com\/Revetium\/#\/schema\/logo\/image\/\",\"url\":\"https:\/\/devprojects2022.lifemoz.com\/Revetium\/wp-content\/uploads\/2024\/04\/Logo_revetium.svg\",\"contentUrl\":\"https:\/\/devprojects2022.lifemoz.com\/Revetium\/wp-content\/uploads\/2024\/04\/Logo_revetium.svg\",\"width\":\"1024\",\"height\":\"1024\",\"caption\":\"Revetium \u00ae\"},\"image\":{\"@id\":\"https:\/\/devprojects2022.lifemoz.com\/Revetium\/#\/schema\/logo\/image\/\"}}]}<\/script>\n<!-- \/ Yoast SEO plugin. -->","yoast_head_json":{"title":"Collection SIROUA - Revetium \u00ae","robots":{"index":"index","follow":"follow","max-snippet":"max-snippet:-1","max-image-preview":"max-image-preview:large","max-video-preview":"max-video-preview:-1"},"canonical":"https:\/\/devprojects2022.lifemoz.com\/Revetium\/nos-collections\/collection-siroua\/","og_locale":"fr_FR","og_type":"article","og_title":"Collection SIROUA - Revetium \u00ae","og_description":"[vc_row el_class=\u00a0\u00bbslider-collections-desktop\u00a0\u00bb][vc_column][vc_column_text] [\/vc_column_text][\/vc_column][\/vc_row][vc_row el_class=\u00a0\u00bbslider-collections-mobile\u00a0\u00bb][vc_column][\/vc_column][\/vc_row][vc_row content_placement=\u00a0\u00bbmiddle\u00a0\u00bb][vc_column][vc_column_text css=\u00a0\u00bb.vc_custom_1714039449822{margin-bottom: 10px !important;}\u00a0\u00bb] Collection SIROUA\u00ae [\/vc_column_text][vc_column_text] Collection SIROUA\u00ae : L&rsquo;\u00c9nergie Tellurique La Collection SIROUA\u00ae puise son inspiration directement des forces vives de la nature, incarnant la puissance tellurique du volcan du m\u00eame nom, situ\u00e9 entre le Haut-Atlas et l&rsquo;Anti-Atlas. Cette collection unique \u00e9voque la robustesse des roches volcaniques et les&hellip;","og_url":"https:\/\/devprojects2022.lifemoz.com\/Revetium\/nos-collections\/collection-siroua\/","og_site_name":"Revetium \u00ae","article_modified_time":"2024-09-03T10:04:07+00:00","twitter_card":"summary_large_image","twitter_misc":{"Dur\u00e9e de lecture estim\u00e9e":"2 minutes"},"schema":{"@context":"https:\/\/schema.org","@graph":[{"@type":"WebPage","@id":"https:\/\/devprojects2022.lifemoz.com\/Revetium\/nos-collections\/collection-siroua\/","url":"https:\/\/devprojects2022.lifemoz.com\/Revetium\/nos-collections\/collection-siroua\/","name":"Collection SIROUA - Revetium \u00ae","isPartOf":{"@id":"https:\/\/devprojects2022.lifemoz.com\/Revetium\/#website"},"datePublished":"2024-02-06T14:31:28+00:00","dateModified":"2024-09-03T10:04:07+00:00","breadcrumb":{"@id":"https:\/\/devprojects2022.lifemoz.com\/Revetium\/nos-collections\/collection-siroua\/#breadcrumb"},"inLanguage":"fr-FR","potentialAction":[{"@type":"ReadAction","target":["https:\/\/devprojects2022.lifemoz.com\/Revetium\/nos-collections\/collection-siroua\/"]}]},{"@type":"BreadcrumbList","@id":"https:\/\/devprojects2022.lifemoz.com\/Revetium\/nos-collections\/collection-siroua\/#breadcrumb","itemListElement":[{"@type":"ListItem","position":1,"name":"Accueil","item":"https:\/\/devprojects2022.lifemoz.com\/Revetium\/"},{"@type":"ListItem","position":2,"name":"Nos Collections","item":"https:\/\/devprojects2022.lifemoz.com\/Revetium\/nos-collections\/"},{"@type":"ListItem","position":3,"name":"Collection SIROUA"}]},{"@type":"WebSite","@id":"https:\/\/devprojects2022.lifemoz.com\/Revetium\/#website","url":"https:\/\/devprojects2022.lifemoz.com\/Revetium\/","name":"Revetium \u00ae","description":"par menara prefa","publisher":{"@id":"https:\/\/devprojects2022.lifemoz.com\/Revetium\/#organization"},"potentialAction":[{"@type":"SearchAction","target":{"@type":"EntryPoint","urlTemplate":"https:\/\/devprojects2022.lifemoz.com\/Revetium\/?s={search_term_string}"},"query-input":{"@type":"PropertyValueSpecification","valueRequired":true,"valueName":"search_term_string"}}],"inLanguage":"fr-FR"},{"@type":"Organization","@id":"https:\/\/devprojects2022.lifemoz.com\/Revetium\/#organization","name":"Revetium \u00ae","url":"https:\/\/devprojects2022.lifemoz.com\/Revetium\/","logo":{"@type":"ImageObject","inLanguage":"fr-FR","@id":"https:\/\/devprojects2022.lifemoz.com\/Revetium\/#\/schema\/logo\/image\/","url":"https:\/\/devprojects2022.lifemoz.com\/Revetium\/wp-content\/uploads\/2024\/04\/Logo_revetium.svg","contentUrl":"https:\/\/devprojects2022.lifemoz.com\/Revetium\/wp-content\/uploads\/2024\/04\/Logo_revetium.svg","width":"1024","height":"1024","caption":"Revetium \u00ae"},"image":{"@id":"https:\/\/devprojects2022.lifemoz.com\/Revetium\/#\/schema\/logo\/image\/"}}]}},"_links":{"self":[{"href":"https:\/\/devprojects2022.lifemoz.com\/Revetium\/wp-json\/wp\/v2\/pages\/110","targetHints":{"allow":["GET"]}}],"collection":[{"href":"https:\/\/devprojects2022.lifemoz.com\/Revetium\/wp-json\/wp\/v2\/pages"}],"about":[{"href":"https:\/\/devprojects2022.lifemoz.com\/Revetium\/wp-json\/wp\/v2\/types\/page"}],"author":[{"embeddable":true,"href":"https:\/\/devprojects2022.lifemoz.com\/Revetium\/wp-json\/wp\/v2\/users\/2"}],"replies":[{"embeddable":true,"href":"https:\/\/devprojects2022.lifemoz.com\/Revetium\/wp-json\/wp\/v2\/comments?post=110"}],"version-history":[{"count":16,"href":"https:\/\/devprojects2022.lifemoz.com\/Revetium\/wp-json\/wp\/v2\/pages\/110\/revisions"}],"predecessor-version":[{"id":1692,"href":"https:\/\/devprojects2022.lifemoz.com\/Revetium\/wp-json\/wp\/v2\/pages\/110\/revisions\/1692"}],"up":[{"embeddable":true,"href":"https:\/\/devprojects2022.lifemoz.com\/Revetium\/wp-json\/wp\/v2\/pages\/24"}],"wp:attachment":[{"href":"https:\/\/devprojects2022.lifemoz.com\/Revetium\/wp-json\/wp\/v2\/media?parent=110"}],"curies":[{"name":"wp","href":"https:\/\/api.w.org\/{rel}","templated":true}]}}