{"id":41,"date":"2024-02-06T10:10:00","date_gmt":"2024-02-06T09:10:00","guid":{"rendered":"https:\/\/devprojects2022.lifemoz.com\/Revetium\/?page_id=41"},"modified":"2024-07-01T10:57:03","modified_gmt":"2024-07-01T08:57:03","slug":"nos-finitions","status":"publish","type":"page","link":"https:\/\/devprojects2022.lifemoz.com\/Revetium\/nos-finitions\/","title":{"rendered":"Nos Finitions"},"content":{"rendered":"<div class=\"wpb-content-wrapper\"><p>[vc_row][vc_column][vc_column_text]<\/p>\n<h1>Nos finitions<\/h1>\n<p>[\/vc_column_text][\/vc_column][\/vc_row][vc_row][vc_column][vc_row_inner equal_height=\u00a0\u00bbyes\u00a0\u00bb][vc_column_inner width=\u00a0\u00bb1\/2&Prime;][vc_single_image image=\u00a0\u00bb1122&Prime; img_size=\u00a0\u00bbfull\u00a0\u00bb css=\u00a0\u00bb.vc_custom_1719824195994{margin-bottom: 0px !important;}\u00a0\u00bb][vc_column_text]<\/p>\n<h2>BOUCHARD\u00c9E<\/h2>\n<p>[\/vc_column_text][vc_column_text css=\u00a0\u00bb.vc_custom_1712224298582{margin-bottom: 20px !important;}\u00a0\u00bb]Plongez dans l&rsquo;essence m\u00eame de la nature avec notre finition bouchard\u00e9e, une v\u00e9ritable ode \u00e0 l&rsquo;authenticit\u00e9 de la pierre naturelle. Cette finition va au-del\u00e0 de la simple fonctionnalit\u00e9 en offrant une adh\u00e9rence exceptionnelle pour pr\u00e9venir les glissades, tout en ajoutant une touche esth\u00e9tique incomparable. Personnalisez votre exp\u00e9rience en choisissant la taille du granulat, sa couleur et celle du liant, cr\u00e9ant ainsi une esth\u00e9tique unique pour vos espaces ext\u00e9rieurs. Cette finition ne se contente pas d&rsquo;apporter une beaut\u00e9 distinctive, elle assure \u00e9galement une r\u00e9sistance aux suspensions de poussi\u00e8res, garantissant une surface \u00e0 la fois durable et facile \u00e0 entretenir. L&rsquo;\u00e9l\u00e9gance naturelle prend vie avec Revetium.[\/vc_column_text]<div class=\"ult-just-icon-wrapper   vc_custom_1712242078884\"><div class=\"align-icon\" style=\"text-align:left;\">\n<div class=\"aio-icon-img \" style=\"font-size:240px;display:inline-block;\" >\n\t<img decoding=\"async\" class=\"img-icon\" alt=\"null\" src=\"https:\/\/devprojects2022.lifemoz.com\/Revetium\/wp-content\/uploads\/2024\/04\/specs-finitions.png\"\/>\n<\/div><\/div><\/div>[\/vc_column_inner][vc_column_inner width=\u00a0\u00bb1\/2&Prime;][vc_single_image image=\u00a0\u00bb1125&Prime; img_size=\u00a0\u00bbfull\u00a0\u00bb css=\u00a0\u00bb.vc_custom_1719824201629{margin-bottom: 0px !important;}\u00a0\u00bb][vc_column_text]<\/p>\n<h2>VIELLIE<\/h2>\n<p>[\/vc_column_text][vc_column_text css=\u00a0\u00bb.vc_custom_1712224329330{margin-bottom: 20px !important;}\u00a0\u00bb]Optez pour une \u00e9l\u00e9gance raffin\u00e9e et une touche rustique avec notre finition vieillie. Sa surface lisse orn\u00e9e de traces de sciage subtiles met en lumi\u00e8re les caract\u00e9ristiques esth\u00e9tiques de la pierre naturelle, comme la pierre taill\u00e9e, les fossiles et les crino\u00efdes. Transformez vos all\u00e9es, cours et terrasses en espaces ext\u00e9rieurs sophistiqu\u00e9s, alliant l&rsquo;authenticit\u00e9 \u00e0 une \u00e9l\u00e9gance intemporelle. Cette finition \u00e9voque un charme rustique tout en conservant une esth\u00e9tique soign\u00e9e. Une rencontre subtile entre le classique et le moderne, la finition vieillie de Revetium ajoute une dimension artistique \u00e0 votre environnement ext\u00e9rieur.[\/vc_column_text]<div class=\"ult-just-icon-wrapper   vc_custom_1712242072231\"><div class=\"align-icon\" style=\"text-align:left;\">\n<div class=\"aio-icon-img \" style=\"font-size:240px;display:inline-block;\" >\n\t<img decoding=\"async\" class=\"img-icon\" alt=\"null\" src=\"https:\/\/devprojects2022.lifemoz.com\/Revetium\/wp-content\/uploads\/2024\/04\/specs-finitions.png\"\/>\n<\/div><\/div><\/div>[\/vc_column_inner][\/vc_row_inner][\/vc_column][\/vc_row][vc_row][vc_column][vc_row_inner equal_height=\u00a0\u00bbyes\u00a0\u00bb][vc_column_inner width=\u00a0\u00bb1\/2&Prime;][vc_single_image image=\u00a0\u00bb1123&Prime; img_size=\u00a0\u00bbfull\u00a0\u00bb css=\u00a0\u00bb.vc_custom_1719824209234{margin-bottom: 0px !important;}\u00a0\u00bb][vc_column_text]<\/p>\n<h2>GRENAILL\u00c9E<\/h2>\n<p>[\/vc_column_text][vc_column_text css=\u00a0\u00bb.vc_custom_1712224321883{margin-bottom: 20px !important;}\u00a0\u00bb]Forgez une surface naturelle et s\u00e9curis\u00e9e avec notre finition grenaill\u00e9e, dont la texture rugueuse est obtenue par la projection de billes d&rsquo;acier \u00e0 l&rsquo;\u00e9tat sec, d\u00e9voilant la beaut\u00e9 brute des pierres naturelles reconstitu\u00e9es. Personnalisez l&rsquo;effet en choisissant la taille et la couleur des granulats, offrant une flexibilit\u00e9 esth\u00e9tique exceptionnelle. En plus de sa fonction antid\u00e9rapante et de sa personnalisation, cette finition n\u00e9cessitant un entretien minimal ajoute une dimension artistique saisissante \u00e0 vos espaces ext\u00e9rieurs. Revetium transforme ainsi la s\u00e9curit\u00e9 en une exp\u00e9rience visuelle et tactile unique.[\/vc_column_text]<div class=\"ult-just-icon-wrapper   vc_custom_1712242054642\"><div class=\"align-icon\" style=\"text-align:left;\">\n<div class=\"aio-icon-img \" style=\"font-size:240px;display:inline-block;\" >\n\t<img decoding=\"async\" class=\"img-icon\" alt=\"null\" src=\"https:\/\/devprojects2022.lifemoz.com\/Revetium\/wp-content\/uploads\/2024\/04\/specs-finitions.png\"\/>\n<\/div><\/div><\/div>[\/vc_column_inner][vc_column_inner width=\u00a0\u00bb1\/2&Prime;][vc_single_image image=\u00a0\u00bb1124&Prime; img_size=\u00a0\u00bbfull\u00a0\u00bb css=\u00a0\u00bb.vc_custom_1719824220943{margin-bottom: 0px !important;}\u00a0\u00bb][vc_column_text]<\/p>\n<h2>LAV\u00c9E<\/h2>\n<p>[\/vc_column_text][vc_column_text css=\u00a0\u00bb.vc_custom_1712224316644{margin-bottom: 20px !important;}\u00a0\u00bb]R\u00e9v\u00e9lez la richesse des granulats avec notre finition lav\u00e9e, cr\u00e9ant une surface d\u00e9corative unique pour les pav\u00e9s et dalles. Ce rendu granuleux, similaire au b\u00e9ton d\u00e9sactiv\u00e9, apporte une touche distinctive \u00e0 vos espaces ext\u00e9rieurs. Personnalisez votre choix en termes de taille, couleur et forme des granulats pour cr\u00e9er des am\u00e9nagements ext\u00e9rieurs \u00e9blouissants. Polyvalente, la finition lav\u00e9e s&rsquo;adapte \u00e0 toutes les r\u00e9alisations, apportant un \u00e9clat naturel et une esth\u00e9tique in\u00e9gal\u00e9e \u00e0 votre environnement ext\u00e9rieur. Red\u00e9finissez le concept d&rsquo;am\u00e9nagement ext\u00e9rieur avec Revetium, une symphonie visuelle de granulats apparents pour sublimer vos espaces ext\u00e9rieurs.[\/vc_column_text]<div class=\"ult-just-icon-wrapper   vc_custom_1712242063768\"><div class=\"align-icon\" style=\"text-align:left;\">\n<div class=\"aio-icon-img \" style=\"font-size:240px;display:inline-block;\" >\n\t<img decoding=\"async\" class=\"img-icon\" alt=\"null\" src=\"https:\/\/devprojects2022.lifemoz.com\/Revetium\/wp-content\/uploads\/2024\/04\/specs-finitions.png\"\/>\n<\/div><\/div><\/div>[\/vc_column_inner][\/vc_row_inner][\/vc_column][\/vc_row]<\/p>\n<\/div>","protected":false},"excerpt":{"rendered":"<p>[vc_row][vc_column][vc_column_text] Nos finitions [\/vc_column_text][\/vc_column][\/vc_row][vc_row][vc_column][vc_row_inner equal_height=\u00a0\u00bbyes\u00a0\u00bb][vc_column_inner width=\u00a0\u00bb1\/2&Prime;][vc_single_image image=\u00a0\u00bb1122&Prime; img_size=\u00a0\u00bbfull\u00a0\u00bb css=\u00a0\u00bb.vc_custom_1719824195994{margin-bottom: 0px !important;}\u00a0\u00bb][vc_column_text] BOUCHARD\u00c9E [\/vc_column_text][vc_column_text css=\u00a0\u00bb.vc_custom_1712224298582{margin-bottom: 20px !important;}\u00a0\u00bb]Plongez dans l&rsquo;essence m\u00eame de la nature avec notre finition bouchard\u00e9e, une v\u00e9ritable ode \u00e0 l&rsquo;authenticit\u00e9 de la pierre naturelle. Cette finition va au-del\u00e0 de la simple fonctionnalit\u00e9 en offrant une adh\u00e9rence exceptionnelle pour pr\u00e9venir les glissades, tout en ajoutant&hellip;<\/p>\n","protected":false},"author":1,"featured_media":0,"parent":0,"menu_order":0,"comment_status":"closed","ping_status":"closed","template":"","meta":{"inline_featured_image":false,"footnotes":""},"class_list":["post-41","page","type-page","status-publish","hentry","description-off"],"yoast_head":"<!-- This site is optimized with the Yoast SEO plugin v23.6 - https:\/\/yoast.com\/wordpress\/plugins\/seo\/ -->\n<title>Nos Finitions - Revetium \u00ae<\/title>\n<meta name=\"robots\" content=\"index, follow, max-snippet:-1, max-image-preview:large, max-video-preview:-1\" \/>\n<link rel=\"canonical\" href=\"https:\/\/devprojects2022.lifemoz.com\/Revetium\/nos-finitions\/\" \/>\n<meta property=\"og:locale\" content=\"fr_FR\" \/>\n<meta property=\"og:type\" content=\"article\" \/>\n<meta property=\"og:title\" content=\"Nos Finitions - Revetium \u00ae\" \/>\n<meta property=\"og:description\" content=\"[vc_row][vc_column][vc_column_text] Nos finitions [\/vc_column_text][\/vc_column][\/vc_row][vc_row][vc_column][vc_row_inner equal_height=\u00a0\u00bbyes\u00a0\u00bb][vc_column_inner width=\u00a0\u00bb1\/2&Prime;][vc_single_image image=\u00a0\u00bb1122&Prime; img_size=\u00a0\u00bbfull\u00a0\u00bb css=\u00a0\u00bb.vc_custom_1719824195994{margin-bottom: 0px !important;}\u00a0\u00bb][vc_column_text] BOUCHARD\u00c9E [\/vc_column_text][vc_column_text css=\u00a0\u00bb.vc_custom_1712224298582{margin-bottom: 20px !important;}\u00a0\u00bb]Plongez dans l&rsquo;essence m\u00eame de la nature avec notre finition bouchard\u00e9e, une v\u00e9ritable ode \u00e0 l&rsquo;authenticit\u00e9 de la pierre naturelle. Cette finition va au-del\u00e0 de la simple fonctionnalit\u00e9 en offrant une adh\u00e9rence exceptionnelle pour pr\u00e9venir les glissades, tout en ajoutant&hellip;\" \/>\n<meta property=\"og:url\" content=\"https:\/\/devprojects2022.lifemoz.com\/Revetium\/nos-finitions\/\" \/>\n<meta property=\"og:site_name\" content=\"Revetium \u00ae\" \/>\n<meta property=\"article:modified_time\" content=\"2024-07-01T08:57:03+00:00\" \/>\n<meta name=\"twitter:card\" content=\"summary_large_image\" \/>\n<meta name=\"twitter:label1\" content=\"Dur\u00e9e de lecture estim\u00e9e\" \/>\n\t<meta name=\"twitter:data1\" content=\"4 minutes\" \/>\n<script type=\"application\/ld+json\" class=\"yoast-schema-graph\">{\"@context\":\"https:\/\/schema.org\",\"@graph\":[{\"@type\":\"WebPage\",\"@id\":\"https:\/\/devprojects2022.lifemoz.com\/Revetium\/nos-finitions\/\",\"url\":\"https:\/\/devprojects2022.lifemoz.com\/Revetium\/nos-finitions\/\",\"name\":\"Nos Finitions - Revetium \u00ae\",\"isPartOf\":{\"@id\":\"https:\/\/devprojects2022.lifemoz.com\/Revetium\/#website\"},\"datePublished\":\"2024-02-06T09:10:00+00:00\",\"dateModified\":\"2024-07-01T08:57:03+00:00\",\"breadcrumb\":{\"@id\":\"https:\/\/devprojects2022.lifemoz.com\/Revetium\/nos-finitions\/#breadcrumb\"},\"inLanguage\":\"fr-FR\",\"potentialAction\":[{\"@type\":\"ReadAction\",\"target\":[\"https:\/\/devprojects2022.lifemoz.com\/Revetium\/nos-finitions\/\"]}]},{\"@type\":\"BreadcrumbList\",\"@id\":\"https:\/\/devprojects2022.lifemoz.com\/Revetium\/nos-finitions\/#breadcrumb\",\"itemListElement\":[{\"@type\":\"ListItem\",\"position\":1,\"name\":\"Accueil\",\"item\":\"https:\/\/devprojects2022.lifemoz.com\/Revetium\/\"},{\"@type\":\"ListItem\",\"position\":2,\"name\":\"Nos Finitions\"}]},{\"@type\":\"WebSite\",\"@id\":\"https:\/\/devprojects2022.lifemoz.com\/Revetium\/#website\",\"url\":\"https:\/\/devprojects2022.lifemoz.com\/Revetium\/\",\"name\":\"Revetium \u00ae\",\"description\":\"par menara prefa\",\"publisher\":{\"@id\":\"https:\/\/devprojects2022.lifemoz.com\/Revetium\/#organization\"},\"potentialAction\":[{\"@type\":\"SearchAction\",\"target\":{\"@type\":\"EntryPoint\",\"urlTemplate\":\"https:\/\/devprojects2022.lifemoz.com\/Revetium\/?s={search_term_string}\"},\"query-input\":{\"@type\":\"PropertyValueSpecification\",\"valueRequired\":true,\"valueName\":\"search_term_string\"}}],\"inLanguage\":\"fr-FR\"},{\"@type\":\"Organization\",\"@id\":\"https:\/\/devprojects2022.lifemoz.com\/Revetium\/#organization\",\"name\":\"Revetium \u00ae\",\"url\":\"https:\/\/devprojects2022.lifemoz.com\/Revetium\/\",\"logo\":{\"@type\":\"ImageObject\",\"inLanguage\":\"fr-FR\",\"@id\":\"https:\/\/devprojects2022.lifemoz.com\/Revetium\/#\/schema\/logo\/image\/\",\"url\":\"https:\/\/devprojects2022.lifemoz.com\/Revetium\/wp-content\/uploads\/2024\/04\/Logo_revetium.svg\",\"contentUrl\":\"https:\/\/devprojects2022.lifemoz.com\/Revetium\/wp-content\/uploads\/2024\/04\/Logo_revetium.svg\",\"width\":\"1024\",\"height\":\"1024\",\"caption\":\"Revetium \u00ae\"},\"image\":{\"@id\":\"https:\/\/devprojects2022.lifemoz.com\/Revetium\/#\/schema\/logo\/image\/\"}}]}<\/script>\n<!-- \/ Yoast SEO plugin. -->","yoast_head_json":{"title":"Nos Finitions - Revetium \u00ae","robots":{"index":"index","follow":"follow","max-snippet":"max-snippet:-1","max-image-preview":"max-image-preview:large","max-video-preview":"max-video-preview:-1"},"canonical":"https:\/\/devprojects2022.lifemoz.com\/Revetium\/nos-finitions\/","og_locale":"fr_FR","og_type":"article","og_title":"Nos Finitions - Revetium \u00ae","og_description":"[vc_row][vc_column][vc_column_text] Nos finitions [\/vc_column_text][\/vc_column][\/vc_row][vc_row][vc_column][vc_row_inner equal_height=\u00a0\u00bbyes\u00a0\u00bb][vc_column_inner width=\u00a0\u00bb1\/2&Prime;][vc_single_image image=\u00a0\u00bb1122&Prime; img_size=\u00a0\u00bbfull\u00a0\u00bb css=\u00a0\u00bb.vc_custom_1719824195994{margin-bottom: 0px !important;}\u00a0\u00bb][vc_column_text] BOUCHARD\u00c9E [\/vc_column_text][vc_column_text css=\u00a0\u00bb.vc_custom_1712224298582{margin-bottom: 20px !important;}\u00a0\u00bb]Plongez dans l&rsquo;essence m\u00eame de la nature avec notre finition bouchard\u00e9e, une v\u00e9ritable ode \u00e0 l&rsquo;authenticit\u00e9 de la pierre naturelle. Cette finition va au-del\u00e0 de la simple fonctionnalit\u00e9 en offrant une adh\u00e9rence exceptionnelle pour pr\u00e9venir les glissades, tout en ajoutant&hellip;","og_url":"https:\/\/devprojects2022.lifemoz.com\/Revetium\/nos-finitions\/","og_site_name":"Revetium \u00ae","article_modified_time":"2024-07-01T08:57:03+00:00","twitter_card":"summary_large_image","twitter_misc":{"Dur\u00e9e de lecture estim\u00e9e":"4 minutes"},"schema":{"@context":"https:\/\/schema.org","@graph":[{"@type":"WebPage","@id":"https:\/\/devprojects2022.lifemoz.com\/Revetium\/nos-finitions\/","url":"https:\/\/devprojects2022.lifemoz.com\/Revetium\/nos-finitions\/","name":"Nos Finitions - Revetium \u00ae","isPartOf":{"@id":"https:\/\/devprojects2022.lifemoz.com\/Revetium\/#website"},"datePublished":"2024-02-06T09:10:00+00:00","dateModified":"2024-07-01T08:57:03+00:00","breadcrumb":{"@id":"https:\/\/devprojects2022.lifemoz.com\/Revetium\/nos-finitions\/#breadcrumb"},"inLanguage":"fr-FR","potentialAction":[{"@type":"ReadAction","target":["https:\/\/devprojects2022.lifemoz.com\/Revetium\/nos-finitions\/"]}]},{"@type":"BreadcrumbList","@id":"https:\/\/devprojects2022.lifemoz.com\/Revetium\/nos-finitions\/#breadcrumb","itemListElement":[{"@type":"ListItem","position":1,"name":"Accueil","item":"https:\/\/devprojects2022.lifemoz.com\/Revetium\/"},{"@type":"ListItem","position":2,"name":"Nos Finitions"}]},{"@type":"WebSite","@id":"https:\/\/devprojects2022.lifemoz.com\/Revetium\/#website","url":"https:\/\/devprojects2022.lifemoz.com\/Revetium\/","name":"Revetium \u00ae","description":"par menara prefa","publisher":{"@id":"https:\/\/devprojects2022.lifemoz.com\/Revetium\/#organization"},"potentialAction":[{"@type":"SearchAction","target":{"@type":"EntryPoint","urlTemplate":"https:\/\/devprojects2022.lifemoz.com\/Revetium\/?s={search_term_string}"},"query-input":{"@type":"PropertyValueSpecification","valueRequired":true,"valueName":"search_term_string"}}],"inLanguage":"fr-FR"},{"@type":"Organization","@id":"https:\/\/devprojects2022.lifemoz.com\/Revetium\/#organization","name":"Revetium \u00ae","url":"https:\/\/devprojects2022.lifemoz.com\/Revetium\/","logo":{"@type":"ImageObject","inLanguage":"fr-FR","@id":"https:\/\/devprojects2022.lifemoz.com\/Revetium\/#\/schema\/logo\/image\/","url":"https:\/\/devprojects2022.lifemoz.com\/Revetium\/wp-content\/uploads\/2024\/04\/Logo_revetium.svg","contentUrl":"https:\/\/devprojects2022.lifemoz.com\/Revetium\/wp-content\/uploads\/2024\/04\/Logo_revetium.svg","width":"1024","height":"1024","caption":"Revetium \u00ae"},"image":{"@id":"https:\/\/devprojects2022.lifemoz.com\/Revetium\/#\/schema\/logo\/image\/"}}]}},"_links":{"self":[{"href":"https:\/\/devprojects2022.lifemoz.com\/Revetium\/wp-json\/wp\/v2\/pages\/41","targetHints":{"allow":["GET"]}}],"collection":[{"href":"https:\/\/devprojects2022.lifemoz.com\/Revetium\/wp-json\/wp\/v2\/pages"}],"about":[{"href":"https:\/\/devprojects2022.lifemoz.com\/Revetium\/wp-json\/wp\/v2\/types\/page"}],"author":[{"embeddable":true,"href":"https:\/\/devprojects2022.lifemoz.com\/Revetium\/wp-json\/wp\/v2\/users\/1"}],"replies":[{"embeddable":true,"href":"https:\/\/devprojects2022.lifemoz.com\/Revetium\/wp-json\/wp\/v2\/comments?post=41"}],"version-history":[{"count":12,"href":"https:\/\/devprojects2022.lifemoz.com\/Revetium\/wp-json\/wp\/v2\/pages\/41\/revisions"}],"predecessor-version":[{"id":1127,"href":"https:\/\/devprojects2022.lifemoz.com\/Revetium\/wp-json\/wp\/v2\/pages\/41\/revisions\/1127"}],"wp:attachment":[{"href":"https:\/\/devprojects2022.lifemoz.com\/Revetium\/wp-json\/wp\/v2\/media?parent=41"}],"curies":[{"name":"wp","href":"https:\/\/api.w.org\/{rel}","templated":true}]}}